{"id":3979,"date":"2021-05-07T11:27:54","date_gmt":"2021-05-07T11:27:54","guid":{"rendered":"http:\/\/quanticalabs.com\/wptest\/medicenter-new\/?page_id=3979"},"modified":"2024-08-05T16:44:06","modified_gmt":"2024-08-05T14:44:06","slug":"startseite","status":"publish","type":"page","link":"https:\/\/www.baltec-dental.de\/","title":{"rendered":"Startseite"},"content":{"rendered":"<div class=\"wpb-content-wrapper\"><p>[vc_row type=&#8220;full-width&#8220;][vc_column][rev_slider_vc alias=&#8220;home-dentist&#8220;][\/vc_column][\/vc_row][vc_row type=&#8220;full-width&#8220; el_class=&#8220;padding-top-100 padding-bottom-100&#8243;][vc_column][vc_row_inner][vc_column_inner width=&#8220;1\/2&#8243;][vc_single_image image=&#8220;5113&#8243; img_size=&#8220;large&#8220;][vc_single_image image=&#8220;5293&#8243; img_size=&#8220;medium&#8220; alignment=&#8220;right&#8220; el_class=&#8220;side-image side-image-right&#8220; css=&#8220;.vc_custom_1716389393786{margin-top: 20px !important;margin-right: 0px !important;}&#8220;][vc_single_image image=&#8220;5112&#8243; img_size=&#8220;medium&#8220; el_class=&#8220;margin-top-30&#8243;][\/vc_column_inner][vc_column_inner width=&#8220;1\/2&#8243;]<h3 class=\"box-header\">Ihr kompetenter Partner in Sachen analoge und digitale Zahntechnik<\/h3><h2 class=\"box-header large margin-top-30 no-border\">Willkommen bei BalTec Dental.<\/h2>[vc_column_text el_class=&#8220;large margin-top-10&#8243;]<\/p>\n<p class=\"p1\">Unser Labor in Heiligenhafen bietet Ihnen hochwertige zahntechnische L\u00f6sungen und professionelle Betreuung. Unser erfahrenes Team arbeitet mit Leidenschaft und viel handwerklichem Know-how daran, Ihrem Anspruch gerecht zu werden. Wir freuen uns auf die Zusammenarbeit mit Ihnen.<\/p>\n<p>[\/vc_column_text]<ul class=\"clearfix mc-features mc-features-circle circle-small mc-features-style-light light-colored page-margin-top vc_col-sm-6 margin-left-0 align-left\"><li class=\"item-content clearfix\">\r\n\t\t\t\t<span class=\"circle\"  title=\"Unsere Mission\"><span class=\"features-stethoscope\"><\/span><\/span><div class=\"text\"><h3><span   title=\"Unsere Mission\">Unsere Mission<\/span><\/h3><p>Unser Anspruch ist es Ihnen ein qualitativ hochwertiges Produkt zu bieten. Wir sch\u00e4tzen hierbei eine enge Kommunikation auf Augenh\u00f6he, um einen zuverl\u00e4ssigen Arbeitsablauf zu gew\u00e4hrleisten.<\/p>\n<\/div>\r\n\t\t\t<\/li><\/ul><ul class=\"clearfix mc-features mc-features-circle circle-small mc-features-style-light light-colored page-margin-top vc_col-sm-6 margin-left-0 align-left\"><li class=\"item-content clearfix\">\r\n\t\t\t\t<span class=\"circle\"  title=\"Qualifiziertes Team\"><span class=\"features-people\"><\/span><\/span><div class=\"text\"><h3><span   title=\"Qualifiziertes Team\">Qualifiziertes Team<\/span><\/h3><p>Durch unser breit aufgestelltes Team, decken wir ein gro\u00dfes Portfolio an zahntechnischen M\u00f6glichkeiten ab, die Sie sich als Behandler zu Nutze machen k\u00f6nnen. Durch regelm\u00e4\u00dfige Fortbildung, bleiben wir stets auf dem neusten Stand.<\/p>\n<\/div>\r\n\t\t\t<\/li><\/ul><ul class=\"clearfix mc-features mc-features-circle circle-small mc-features-style-light light-colored page-margin-top vc_col-sm-6 align-left margin-left-0\"><li class=\"item-content clearfix\">\r\n\t\t\t\t<span class=\"circle\"  title=\"Service\"><span class=\"features-config\"><\/span><\/span><div class=\"text\"><h3><span   title=\"Service\">Service<\/span><\/h3><p>Neben unseren Leistungen im prothetischen Sektor, stehen wir Ihnen auch im Praxisalltag mit Rat und Tat zur Seite. So unterst\u00fctzen wir Sie gerne, bei der Planung von individuellem Zahnersatz, im Bereich Konstruktionsart und Materialauswahl, aber auch bei \u00e4sthetischen Einproben oder Zahnfarbnahmen, um ideale Ergebnisse zu erzielen.<\/p>\n<\/div>\r\n\t\t\t<\/li><\/ul>[\/vc_column_inner][\/vc_row_inner][\/vc_column][\/vc_row][vc_row type=&#8220;full-width&#8220; css=&#8220;.vc_custom_1620392739420{background-color: #f0f0f0 !important;}&#8220; el_class=&#8220;padding-top-89 padding-bottom-100&#8243;][vc_column][vc_row_inner][vc_column_inner width=&#8220;1\/3&#8243;]<h2 class=\"box-header large no-border\">Unsere Leistungen<\/h2>[\/vc_column_inner][vc_column_inner width=&#8220;2\/3&#8243;][vc_column_text el_class=&#8220;large padding-0&#8243;][\/vc_column_text][\/vc_column_inner][\/vc_row_inner][vc_row_inner top_margin=&#8220;page-margin-top-section&#8220;][vc_column_inner]<ul class=\"services-list clearfix services-icons\"><li class=\"vc_row wpb_row vc_row-fluid\"><ul><li><span class=\"service-icon features-config\"><\/span><div class=\"service-content\"><h4>Pr\u00e4zise Einzelst\u00fccke<\/h4><p>Jede Arbeit ist ein Einzelst\u00fcck und wird von uns mit viel Sorgfalt und Passion f\u00fcr Sie gefertigt. Wir vereinen analoge und digitale Zahntechnik in einem Haus und garantieren so f\u00fcr ein optimales Ergebnis.<\/p>\n<\/div><\/li><li><span class=\"service-icon features-dental-shield\"><\/span><div class=\"service-content\"><h4>CAD \/ CAM<\/h4><p>Durch die digitalen Fertigungsm\u00f6glichkeiten in unserem Labor, k\u00f6nnen Sie aus einer Vielzahl unterschiedlichster Materialarten w\u00e4hlen. Aber auch bei einer digitalen Zusammenarbeit mittels Intraoralscanner, sind Ihnen keine Grenzen jetzt.<\/p>\n<\/div><\/li><\/ul><\/li><li class=\"vc_row wpb_row vc_row-fluid\"><ul><li><span class=\"service-icon features-test-tube\"><\/span><div class=\"service-content\"><h4>Funktionelle \u00c4sthetik<\/h4><p>Neben der Funktion verleihen unsere Z\u00e4hne uns ein nat\u00fcrliches Schaubild. Wir legen gr\u00f6\u00dften Wert darauf, dass die von uns gefertigten Restaurationen ein harmonisches und \u00e4sthetisches Aussehen wieder herstellen.<\/p>\n<\/div><\/li><\/ul><\/li><\/ul>[\/vc_column_inner][\/vc_row_inner][\/vc_column][\/vc_row][vc_row top_margin=&#8220;page-margin-top-section-vlarge&#8220; css=&#8220;.vc_custom_1716325734155{margin-bottom: 40px !important;}&#8220;][vc_column width=&#8220;1\/2&#8243; el_class=&#8220;padding-right-30&#8243;][vc_single_image image=&#8220;5295&#8243; img_size=&#8220;medicenter-gallery-thumb-type-1&#8243; el_class=&#8220;side-image-static&#8220;][vc_single_image image=&#8220;5138&#8243; img_size=&#8220;medicenter-gallery-thumb-type-1&#8243; alignment=&#8220;right&#8220; el_class=&#8220;margin-top-70 side-image&#8220;][\/vc_column][vc_column width=&#8220;1\/2&#8243;]<h3 class=\"box-header\">Nehmen Sie Kontakt zu uns auf<\/h3><h2 class=\"box-header large margin-top-30 no-border\"><\/h2>[vc_column_text el_class=&#8220;large margin-top-10&#8243;][\/vc_column_text][vc_button title=&#8220;Zum Kontaktformular&#8220; size=&#8220;large&#8220; icon=&#8220;template-arrow-horizontal-1-after&#8220; style=&#8220;light-color&#8220; href=&#8220;\/index.php\/kontakt&#8220; el_class=&#8220;margin-right-20 margin-top-30&#8243;][\/vc_column][\/vc_row]<\/p>\n<\/div>","protected":false},"excerpt":{"rendered":"<p>[vc_row type=&#8220;full-width&#8220;][vc_column][rev_slider_vc alias=&#8220;home-dentist&#8220;][\/vc_column][\/vc_row][vc_row type=&#8220;full-width&#8220; el_class=&#8220;padding-top-100 padding-bottom-100&#8243;][vc_column][vc_row_inner][vc_column_inner width=&#8220;1\/2&#8243;][vc_single_image image=&#8220;5113&#8243; img_size=&#8220;large&#8220;][vc_single_image image=&#8220;5293&#8243; img_size=&#8220;medium&#8220; alignment=&#8220;right&#8220; el_class=&#8220;side-image side-image-right&#8220; css=&#8220;.vc_custom_1716389393786{margin-top: 20px !important;margin-right: 0px !important;}&#8220;][vc_single_image image=&#8220;5112&#8243; img_size=&#8220;medium&#8220; el_class=&#8220;margin-top-30&#8243;][\/vc_column_inner][vc_column_inner width=&#8220;1\/2&#8243;][vc_column_text el_class=&#8220;large margin-top-10&#8243;] Unser Labor in Heiligenhafen bietet Ihnen hochwertige zahntechnische L\u00f6sungen und professionelle Betreuung. Unser erfahrenes Team arbeitet mit Leidenschaft und viel handwerklichem Know-how daran, Ihrem Anspruch gerecht zu werden. Wir freuen<\/p>\n","protected":false},"author":1,"featured_media":0,"parent":0,"menu_order":0,"comment_status":"closed","ping_status":"closed","template":"template-default-without-breadcrumbs.php","meta":{"footnotes":""},"class_list":["post-3979","page","type-page","status-publish","hentry"],"yoast_head":"<!-- This site is optimized with the Yoast SEO plugin v27.5 - https:\/\/yoast.com\/product\/yoast-seo-wordpress\/ -->\n<title>Startseite - BalTec Dental<\/title>\n<meta name=\"robots\" content=\"index, follow, max-snippet:-1, max-image-preview:large, max-video-preview:-1\" \/>\n<link rel=\"canonical\" href=\"https:\/\/www.baltec-dental.de\/\" \/>\n<meta property=\"og:locale\" content=\"de_DE\" \/>\n<meta property=\"og:type\" content=\"article\" \/>\n<meta property=\"og:title\" content=\"Startseite - BalTec Dental\" \/>\n<meta property=\"og:description\" content=\"[vc_row type=&#8220;full-width&#8220;][vc_column][rev_slider_vc alias=&#8220;home-dentist&#8220;][\/vc_column][\/vc_row][vc_row type=&#8220;full-width&#8220; el_class=&#8220;padding-top-100 padding-bottom-100&#8243;][vc_column][vc_row_inner][vc_column_inner width=&#8220;1\/2&#8243;][vc_single_image image=&#8220;5113&#8243; img_size=&#8220;large&#8220;][vc_single_image image=&#8220;5293&#8243; img_size=&#8220;medium&#8220; alignment=&#8220;right&#8220; el_class=&#8220;side-image side-image-right&#8220; css=&#8220;.vc_custom_1716389393786{margin-top: 20px !important;margin-right: 0px !important;}&#8220;][vc_single_image image=&#8220;5112&#8243; img_size=&#8220;medium&#8220; el_class=&#8220;margin-top-30&#8243;][\/vc_column_inner][vc_column_inner width=&#8220;1\/2&#8243;][vc_column_text el_class=&#8220;large margin-top-10&#8243;] Unser Labor in Heiligenhafen bietet Ihnen hochwertige zahntechnische L\u00f6sungen und professionelle Betreuung. Unser erfahrenes Team arbeitet mit Leidenschaft und viel handwerklichem Know-how daran, Ihrem Anspruch gerecht zu werden. Wir freuen\" \/>\n<meta property=\"og:url\" content=\"https:\/\/www.baltec-dental.de\/\" \/>\n<meta property=\"og:site_name\" content=\"BalTec Dental\" \/>\n<meta property=\"article:modified_time\" content=\"2024-08-05T14:44:06+00:00\" \/>\n<meta name=\"twitter:card\" content=\"summary_large_image\" \/>\n<meta name=\"twitter:label1\" content=\"Gesch\u00e4tzte Lesezeit\" \/>\n\t<meta name=\"twitter:data1\" content=\"2\u00a0Minuten\" \/>\n<script type=\"application\/ld+json\" class=\"yoast-schema-graph\">{\"@context\":\"https:\\\/\\\/schema.org\",\"@graph\":[{\"@type\":\"WebPage\",\"@id\":\"https:\\\/\\\/www.baltec-dental.de\\\/\",\"url\":\"https:\\\/\\\/www.baltec-dental.de\\\/\",\"name\":\"Startseite - BalTec Dental\",\"isPartOf\":{\"@id\":\"https:\\\/\\\/www.baltec-dental.de\\\/#website\"},\"datePublished\":\"2021-05-07T11:27:54+00:00\",\"dateModified\":\"2024-08-05T14:44:06+00:00\",\"breadcrumb\":{\"@id\":\"https:\\\/\\\/www.baltec-dental.de\\\/#breadcrumb\"},\"inLanguage\":\"de\",\"potentialAction\":[{\"@type\":\"ReadAction\",\"target\":[\"https:\\\/\\\/www.baltec-dental.de\\\/\"]}]},{\"@type\":\"BreadcrumbList\",\"@id\":\"https:\\\/\\\/www.baltec-dental.de\\\/#breadcrumb\",\"itemListElement\":[{\"@type\":\"ListItem\",\"position\":1,\"name\":\"Start\",\"item\":\"https:\\\/\\\/www.baltec-dental.de\\\/\"},{\"@type\":\"ListItem\",\"position\":2,\"name\":\"Startseite\"}]},{\"@type\":\"WebSite\",\"@id\":\"https:\\\/\\\/www.baltec-dental.de\\\/#website\",\"url\":\"https:\\\/\\\/www.baltec-dental.de\\\/\",\"name\":\"BalTec Dental\",\"description\":\"Ihr kompetenter Partner in Sachen analoge und digitale Zahntechnik\",\"potentialAction\":[{\"@type\":\"SearchAction\",\"target\":{\"@type\":\"EntryPoint\",\"urlTemplate\":\"https:\\\/\\\/www.baltec-dental.de\\\/?s={search_term_string}\"},\"query-input\":{\"@type\":\"PropertyValueSpecification\",\"valueRequired\":true,\"valueName\":\"search_term_string\"}}],\"inLanguage\":\"de\"}]}<\/script>\n<!-- \/ Yoast SEO plugin. -->","yoast_head_json":{"title":"Startseite - BalTec Dental","robots":{"index":"index","follow":"follow","max-snippet":"max-snippet:-1","max-image-preview":"max-image-preview:large","max-video-preview":"max-video-preview:-1"},"canonical":"https:\/\/www.baltec-dental.de\/","og_locale":"de_DE","og_type":"article","og_title":"Startseite - BalTec Dental","og_description":"[vc_row type=&#8220;full-width&#8220;][vc_column][rev_slider_vc alias=&#8220;home-dentist&#8220;][\/vc_column][\/vc_row][vc_row type=&#8220;full-width&#8220; el_class=&#8220;padding-top-100 padding-bottom-100&#8243;][vc_column][vc_row_inner][vc_column_inner width=&#8220;1\/2&#8243;][vc_single_image image=&#8220;5113&#8243; img_size=&#8220;large&#8220;][vc_single_image image=&#8220;5293&#8243; img_size=&#8220;medium&#8220; alignment=&#8220;right&#8220; el_class=&#8220;side-image side-image-right&#8220; css=&#8220;.vc_custom_1716389393786{margin-top: 20px !important;margin-right: 0px !important;}&#8220;][vc_single_image image=&#8220;5112&#8243; img_size=&#8220;medium&#8220; el_class=&#8220;margin-top-30&#8243;][\/vc_column_inner][vc_column_inner width=&#8220;1\/2&#8243;][vc_column_text el_class=&#8220;large margin-top-10&#8243;] Unser Labor in Heiligenhafen bietet Ihnen hochwertige zahntechnische L\u00f6sungen und professionelle Betreuung. Unser erfahrenes Team arbeitet mit Leidenschaft und viel handwerklichem Know-how daran, Ihrem Anspruch gerecht zu werden. Wir freuen","og_url":"https:\/\/www.baltec-dental.de\/","og_site_name":"BalTec Dental","article_modified_time":"2024-08-05T14:44:06+00:00","twitter_card":"summary_large_image","twitter_misc":{"Gesch\u00e4tzte Lesezeit":"2\u00a0Minuten"},"schema":{"@context":"https:\/\/schema.org","@graph":[{"@type":"WebPage","@id":"https:\/\/www.baltec-dental.de\/","url":"https:\/\/www.baltec-dental.de\/","name":"Startseite - BalTec Dental","isPartOf":{"@id":"https:\/\/www.baltec-dental.de\/#website"},"datePublished":"2021-05-07T11:27:54+00:00","dateModified":"2024-08-05T14:44:06+00:00","breadcrumb":{"@id":"https:\/\/www.baltec-dental.de\/#breadcrumb"},"inLanguage":"de","potentialAction":[{"@type":"ReadAction","target":["https:\/\/www.baltec-dental.de\/"]}]},{"@type":"BreadcrumbList","@id":"https:\/\/www.baltec-dental.de\/#breadcrumb","itemListElement":[{"@type":"ListItem","position":1,"name":"Start","item":"https:\/\/www.baltec-dental.de\/"},{"@type":"ListItem","position":2,"name":"Startseite"}]},{"@type":"WebSite","@id":"https:\/\/www.baltec-dental.de\/#website","url":"https:\/\/www.baltec-dental.de\/","name":"BalTec Dental","description":"Ihr kompetenter Partner in Sachen analoge und digitale Zahntechnik","potentialAction":[{"@type":"SearchAction","target":{"@type":"EntryPoint","urlTemplate":"https:\/\/www.baltec-dental.de\/?s={search_term_string}"},"query-input":{"@type":"PropertyValueSpecification","valueRequired":true,"valueName":"search_term_string"}}],"inLanguage":"de"}]}},"_links":{"self":[{"href":"https:\/\/www.baltec-dental.de\/index.php\/wp-json\/wp\/v2\/pages\/3979","targetHints":{"allow":["GET"]}}],"collection":[{"href":"https:\/\/www.baltec-dental.de\/index.php\/wp-json\/wp\/v2\/pages"}],"about":[{"href":"https:\/\/www.baltec-dental.de\/index.php\/wp-json\/wp\/v2\/types\/page"}],"author":[{"embeddable":true,"href":"https:\/\/www.baltec-dental.de\/index.php\/wp-json\/wp\/v2\/users\/1"}],"replies":[{"embeddable":true,"href":"https:\/\/www.baltec-dental.de\/index.php\/wp-json\/wp\/v2\/comments?post=3979"}],"version-history":[{"count":51,"href":"https:\/\/www.baltec-dental.de\/index.php\/wp-json\/wp\/v2\/pages\/3979\/revisions"}],"predecessor-version":[{"id":5338,"href":"https:\/\/www.baltec-dental.de\/index.php\/wp-json\/wp\/v2\/pages\/3979\/revisions\/5338"}],"wp:attachment":[{"href":"https:\/\/www.baltec-dental.de\/index.php\/wp-json\/wp\/v2\/media?parent=3979"}],"curies":[{"name":"wp","href":"https:\/\/api.w.org\/{rel}","templated":true}]}}